{"id":2598,"date":"2016-08-09T07:33:50","date_gmt":"2016-08-09T07:33:50","guid":{"rendered":"https:\/\/themify.me\/demo\/themes\/ultra-restaurant\/?page_id=5628"},"modified":"2024-04-08T12:57:08","modified_gmt":"2024-04-08T10:57:08","slug":"home","status":"publish","type":"page","link":"https:\/\/www.baruszwagra.pl\/","title":{"rendered":"Strona g\u0142\u00f3wna"},"content":{"rendered":"<!--themify_builder_content-->\n<div id=\"themify_builder_content-2598\" data-postid=\"2598\" class=\"themify_builder_content themify_builder_content-2598 themify_builder tf_clear\">\n                    <div  data-parallax-bg=\"desktop\" data-anchor=\"welcome\" data-lazy=\"1\" class=\"module_row themify_builder_row tb_has_section tb_section-welcome tb_zgxv274 tb_first tf_w\">\n            <span class=\"builder_row_cover tf_abs\"><\/span>            <div class=\"row_inner col_align_top tb_col_count_1 tf_box tf_rel\">\n                        <div  data-lazy=\"1\" class=\"module_column tb-column col-full tb_3py6277 first\">\n                    <!-- module fancy heading -->\n<div  class=\"module module-fancy-heading tb_sljr278  wow\" data-tf-animation=\"fadeInDown\" data-lazy=\"1\">\n        <h1 class=\"fancy-heading tf_textc\">\n    <span class=\"main-head tf_block\">\n                    <span class=\"maketable\">\n\t\t\t\t\t\t\t<span class=\"addBorder\"><\/span>\n\t\t\t\t\t\t\t<span class=\"fork-icon\"><\/span>\n\t\t\t\t\t\t\t<span class=\"addBorder\"><\/span>\n\t\t\t\t\t\t\t<\/span>\n\t\t\t\t\t\t\tU SZWAGRA\n\t\t\t\t\t\t\t<span class=\"bottomBorder\"><\/span>            <\/span>\n\n    \n    <span class=\"sub-head tf_block tf_rel\">\n                    Witamy            <\/span>\n    <\/h1>\n<\/div>\n<!-- \/module fancy heading -->\n<!-- module text -->\n<div  class=\"module module-text tb_d2y3278    wow\" data-tf-animation=\"fadeInDown\" data-lazy=\"1\">\n        <div  class=\"tb_text_wrap\">\n        <ul><li><span class=\"LrzXr\">ul S\u0142upska 101\u00a0 76-100 Warszkowo<\/span><\/li><li><span class=\"LrzXr\">ul. Sempo\u0142owskiej 2 a 76-100 S\u0142awno<br \/> <\/span><\/li><\/ul><p>TEL: <span class=\"LrzXr zdqRlf kno-fv\"><a class=\"fl r-iPmIaH3KXNK4\" title=\"Zadzwo\u0144 z Hangouts\" href=\"https:\/\/www.google.com\/search?client=firefox-b-ab&amp;ei=nk75WtPeIenN6QTJnI-QDg&amp;q=u+szwagra&amp;oq=u+szwagra&amp;gs_l=psy-ab.3..0i131k1j0l9.3374.4656.0.6142.9.7.0.2.2.0.138.706.0j6.6.0....0...1c.1.64.psy-ab..1.8.726....0.C-2VRuKMl6Y#\" data-number=\"+48943487817\" data-pstn-out-call-url=\"\" data-rtid=\"iPmIaH3KXNK4\" data-ved=\"0ahUKEwi8y8WC6oTbAhUUxaYKHSHNDJ4QkAgImwEoADAS\">94 348 78 17<\/a><\/span><\/p>    <\/div>\n<\/div>\n<!-- \/module text --><!-- module buttons -->\n<div  class=\"module module-buttons tb_03np285 buttons-horizontal outline   wow\" data-tf-animation=\"fadeInUp\" data-lazy=\"1\">\n        <div class=\"module-buttons-item tf_in_flx\">\n                        <a href=\"#news\" class=\"ui builder_button tf_in_flx yellow\" >\n                                                Oferta                                        <\/a>\n                <\/div>\n            <\/div>\n<!-- \/module buttons -->\n<!-- module gallery -->\n<div  class=\"module gallery module-gallery tb_iw0g761 layout-grid  \" data-lazy=\"1\">\n    <\/div>\n<!-- \/module gallery -->        <\/div>\n                        <\/div>\n        <\/div>\n                        <div  data-anchor=\"about\" data-lazy=\"1\" class=\"module_row themify_builder_row tb_has_section tb_section-about tb_3k2b274 tf_w\">\n                        <div class=\"row_inner col_align_top tb_col_count_1 tf_box tf_rel\">\n                        <div  data-lazy=\"1\" class=\"module_column tb-column col-full tb_sbt8287 first\">\n                    <!-- module fancy heading -->\n<div  class=\"module module-fancy-heading tb_6n5w288 \" data-lazy=\"1\">\n        <h2 class=\"fancy-heading tf_textc\">\n    <span class=\"main-head tf_block\">\n                    <span class=\"maketable\">\n\t\t\t\t\t\t\t<span class=\"addBorder\"><\/span>\n\t\t\t\t\t\t\t<span class=\"fork-icon\"><\/span>\n\t\t\t\t\t\t\t<span class=\"addBorder\"><\/span>\n\t\t\t\t\t\t\t<\/span>\n\t\t\t\t\t\t\tKilka s\u0142\u00f3w o nas\n\t\t\t\t\t\t\t<span class=\"bottomBorder\"><\/span>            <\/span>\n\n    \n    <span class=\"sub-head tf_block tf_rel\">\n                    Historia            <\/span>\n    <\/h2>\n<\/div>\n<!-- \/module fancy heading -->\n<!-- module text -->\n<div  class=\"module module-text tb_5xu0288    wow\" data-tf-animation=\"fadeInLeft\" data-lazy=\"1\">\n        <div  class=\"tb_text_wrap\">\n        <h5><a href=\"http:\/\/www.baruszwagra.pl\/wp-content\/uploads\/2018\/05\/logo1-copy-1.png\"><img loading=\"lazy\" decoding=\"async\" class=\"aligncenter wp-image-2780 size-full\" src=\"http:\/\/www.baruszwagra.pl\/wp-content\/uploads\/2018\/05\/logo1-copy-1.png\" alt=\"\" width=\"1000\" height=\"304\" srcset=\"https:\/\/www.baruszwagra.pl\/wp-content\/uploads\/2018\/05\/logo1-copy-1.png 1000w, https:\/\/www.baruszwagra.pl\/wp-content\/uploads\/2018\/05\/logo1-copy-1-300x91.png 300w, https:\/\/www.baruszwagra.pl\/wp-content\/uploads\/2018\/05\/logo1-copy-1-768x233.png 768w, https:\/\/www.baruszwagra.pl\/wp-content\/uploads\/2018\/05\/logo1-copy-1-800x243.png 800w\" sizes=\"auto, (max-width: 1000px) 100vw, 1000px\" \/><\/a><br>Serdecznie zapraszamy do naszych restauracji, gdzie nie tylko mo\u017cna zdrowo i smacznie zje\u015b\u0107, ale r\u00f3wnie\u017c odpocz\u0105\u0107 w mi\u0142ej atmosferze podczas d\u0142ugiej podr\u00f3\u017cy. Naszym klientom gwarantujemy zawsze smaczne i \u015bwie\u017ce potrawy, przyrz\u0105dzone wed\u0142ug starych tradycyjnych <br>i sprawdzonych przepis\u00f3w na miejscu przez naszych kucharzy. <br>W naszym lokalu oferujemy Pa\u0144stwu smaczne i niedrogie posi\u0142ki kuchni domowej. Wykorzystujemy tylko najlepszej jako\u015bci produkty, dzi\u0119ki czemu nasze dania ciesz\u0105 si\u0119 nienagann\u0105 opini\u0105 w\u015br\u00f3d klient\u00f3w.<\/h5>\n<p>W lokalu organizujemy r\u00f3\u017cnego rodzaju, niewielkie przyj\u0119cia okoliczno\u015bciowe: Urodziny, imieniny, rocznice, chrzciny, komunie, wesela, spotkania towarzyskie itp. <br>Realizujemy r\u00f3wnie\u017c zam\u00f3wienia na wszelkiego rodzaju catering .<\/p>    <\/div>\n<\/div>\n<!-- \/module text --><!-- module text -->\n<div  class=\"module module-text tb_e4du742    wow\" data-tf-animation=\"fadeInLeft\" data-lazy=\"1\">\n        <div  class=\"tb_text_wrap\">\n        <p style=\"text-align: center;\"><div class=\"wp-block am360view-wrapper\" data-align=\"full\" style=\"margin:15 15 15 15px;\"><iframe\n    src=\"about:blank\"\n    class=\"am360view\"\n\tstyle=\"width:;height:500px;float:full;border:0;margin:0 auto;\"\n\t data-width=\"700px\" data-height=\"500px\" data-margin=\"15 15 15 15px\" data-fov=\"80\" data-rotation=\"0 0 0\" data-scale=\"-1 1 1\" data-text=\"\" data-text-position=\"-3 2 -3\" data-text-rotation=\"0 0 0\" data-text-font=\"kelsonsans\" data-text-scale=\"2 2\" data-text-color=\"red\" data-orbiting-type=\"constant\" data-orbiting-speed=\"0 1.5 0\" data-src=\"http:\/\/www.baruszwagra.pl\/wp-content\/uploads\/2021\/06\/uszwagra1smalluszwagra1-scaled.jpg\" data-align=\"full\" data-block-id=\"am360view_828803\" data-media-id=\"\" data-base=\"https:\/\/www.baruszwagra.pl\/wp-content\/plugins\/360-view\/\"><\/iframe><\/div><\/p>\n    <\/div>\n<\/div>\n<!-- \/module text -->        <\/div>\n                        <\/div>\n        <\/div>\n                        <div  data-css_id=\"o3t7274\" data-lazy=\"1\" class=\"module_row themify_builder_row fullwidth tb_o3t7274 tf_w\">\n                        <div class=\"row_inner col_align_top gutter-none tb_col_count_5 tf_box tf_rel\">\n                        <div  data-lazy=\"1\" class=\"module_column tb-column col5-1 tb_acg1288 first\">\n                    <!-- module image -->\n<div  class=\"module module-image tb_agjb289 image-overlay   auto_fullwidth tf_mw\" data-lazy=\"1\">\n        <div class=\"image-wrap tf_rel tf_mw\">\n            <img loading=\"lazy\" decoding=\"async\" src=\"http:\/\/www.baruszwagra.pl\/wp-content\/uploads\/2018\/05\/uszwagraDSC_0825.jpg\" width=\"375\" height=\"340\" title=\"Strona g\u0142\u00f3wna\" alt=\"Strona g\u0142\u00f3wna\">    \n    \n                <\/div>\n        <!-- \/image-wrap -->\n    <\/div>\n<!-- \/module image --><!-- module image -->\n<div  class=\"module module-image tb_1sol289 image-overlay   auto_fullwidth tf_mw\" data-lazy=\"1\">\n        <div class=\"image-wrap tf_rel tf_mw\">\n            <img loading=\"lazy\" decoding=\"async\" src=\"http:\/\/www.baruszwagra.pl\/wp-content\/uploads\/2018\/05\/uszwagraDSC_0987.jpg\" width=\"375\" height=\"340\" title=\"Strona g\u0142\u00f3wna\" alt=\"Strona g\u0142\u00f3wna\">    \n    \n                <\/div>\n        <!-- \/image-wrap -->\n    <\/div>\n<!-- \/module image -->        <\/div>\n                    <div  data-lazy=\"1\" class=\"module_column tb-column col5-1 tb_teqj289\">\n                    <!-- module image -->\n<div  class=\"module module-image tb_6jva289 image-overlay   auto_fullwidth tf_mw\" data-lazy=\"1\">\n        <div class=\"image-wrap tf_rel tf_mw\">\n            <img loading=\"lazy\" decoding=\"async\" src=\"http:\/\/www.baruszwagra.pl\/wp-content\/uploads\/2018\/05\/uszwagraDSC_0789.jpg\" width=\"375\" height=\"340\" title=\"Strona g\u0142\u00f3wna\" alt=\"Strona g\u0142\u00f3wna\">    \n    \n                <\/div>\n        <!-- \/image-wrap -->\n    <\/div>\n<!-- \/module image --><!-- module image -->\n<div  class=\"module module-image tb_petx289 image-overlay   auto_fullwidth tf_mw\" data-lazy=\"1\">\n        <div class=\"image-wrap tf_rel tf_mw\">\n            <img loading=\"lazy\" decoding=\"async\" src=\"http:\/\/www.baruszwagra.pl\/wp-content\/uploads\/2018\/05\/uszwagraDSC_1150.jpg\" width=\"375\" height=\"340\" title=\"Strona g\u0142\u00f3wna\" alt=\"Strona g\u0142\u00f3wna\">    \n    \n                <\/div>\n        <!-- \/image-wrap -->\n    <\/div>\n<!-- \/module image -->        <\/div>\n                    <div  data-lazy=\"1\" class=\"module_column tb-column col5-1 tb_igv4290\">\n                    <!-- module image -->\n<div  class=\"module module-image tb_or9x290 image-overlay   auto_fullwidth tf_mw\" data-lazy=\"1\">\n        <div class=\"image-wrap tf_rel tf_mw\">\n            <img loading=\"lazy\" decoding=\"async\" src=\"http:\/\/www.baruszwagra.pl\/wp-content\/uploads\/2018\/05\/uszwagraDSC_0731.jpg\" width=\"375\" height=\"340\" title=\"Strona g\u0142\u00f3wna\" alt=\"Strona g\u0142\u00f3wna\">    \n    \n                <\/div>\n        <!-- \/image-wrap -->\n    <\/div>\n<!-- \/module image --><!-- module image -->\n<div  class=\"module module-image tb_5vv8290 image-overlay   auto_fullwidth tf_mw\" data-lazy=\"1\">\n        <div class=\"image-wrap tf_rel tf_mw\">\n            <img loading=\"lazy\" decoding=\"async\" src=\"http:\/\/www.baruszwagra.pl\/wp-content\/uploads\/2018\/05\/uszwagraDSC_1086.jpg\" width=\"375\" height=\"340\" title=\"Strona g\u0142\u00f3wna\" alt=\"Strona g\u0142\u00f3wna\">    \n    \n                <\/div>\n        <!-- \/image-wrap -->\n    <\/div>\n<!-- \/module image --><!-- module buttons -->\n<div  class=\"module module-buttons tb_dp0p291 buttons-horizontal outline   wow\" data-tf-animation=\"fadeInUp\" data-lazy=\"1\">\n        <div class=\"module-buttons-item tf_in_flx\">\n                        <a href=\"http:\/\/www.baruszwagra.pl\/index.php\/galeria\/\" class=\"ui builder_button tf_in_flx yellow\" >\n                                                galeria                                        <\/a>\n                <\/div>\n            <\/div>\n<!-- \/module buttons -->\n        <\/div>\n                    <div  data-lazy=\"1\" class=\"module_column tb-column col5-1 tb_j6h2291\">\n                    <!-- module image -->\n<div  class=\"module module-image tb_1gim291 image-overlay   auto_fullwidth tf_mw\" data-lazy=\"1\">\n        <div class=\"image-wrap tf_rel tf_mw\">\n            <img loading=\"lazy\" decoding=\"async\" src=\"http:\/\/www.baruszwagra.pl\/wp-content\/uploads\/2018\/05\/uszwagraDSC_1117.jpg\" width=\"375\" height=\"340\" title=\"Strona g\u0142\u00f3wna\" alt=\"Strona g\u0142\u00f3wna\">    \n    \n                <\/div>\n        <!-- \/image-wrap -->\n    <\/div>\n<!-- \/module image --><!-- module image -->\n<div  class=\"module module-image tb_4ixd292 image-overlay   auto_fullwidth tf_mw\" data-lazy=\"1\">\n        <div class=\"image-wrap tf_rel tf_mw\">\n            <img loading=\"lazy\" decoding=\"async\" src=\"http:\/\/www.baruszwagra.pl\/wp-content\/uploads\/2018\/05\/uszwagraDSC_0962.jpg\" width=\"375\" height=\"340\" title=\"Strona g\u0142\u00f3wna\" alt=\"Strona g\u0142\u00f3wna\">    \n    \n                <\/div>\n        <!-- \/image-wrap -->\n    <\/div>\n<!-- \/module image -->        <\/div>\n                    <div  data-lazy=\"1\" class=\"module_column tb-column col5-1 tb_97s8292 last\">\n                    <!-- module image -->\n<div  class=\"module module-image tb_ryoi292 image-overlay   auto_fullwidth tf_mw\" data-lazy=\"1\">\n        <div class=\"image-wrap tf_rel tf_mw\">\n            <img loading=\"lazy\" decoding=\"async\" src=\"http:\/\/www.baruszwagra.pl\/wp-content\/uploads\/2018\/05\/uszwagraDSC_0985.jpg\" width=\"375\" height=\"340\" title=\"Strona g\u0142\u00f3wna\" alt=\"Strona g\u0142\u00f3wna\">    \n    \n                <\/div>\n        <!-- \/image-wrap -->\n    <\/div>\n<!-- \/module image --><!-- module image -->\n<div  class=\"module module-image tb_77c2292 image-overlay   auto_fullwidth tf_mw\" data-lazy=\"1\">\n        <div class=\"image-wrap tf_rel tf_mw\">\n            <img loading=\"lazy\" decoding=\"async\" src=\"http:\/\/www.baruszwagra.pl\/wp-content\/uploads\/2018\/05\/uszwagraDSC_0886.jpg\" width=\"375\" height=\"340\" title=\"Strona g\u0142\u00f3wna\" alt=\"Strona g\u0142\u00f3wna\">    \n    \n                <\/div>\n        <!-- \/image-wrap -->\n    <\/div>\n<!-- \/module image -->        <\/div>\n                        <\/div>\n        <\/div>\n                        <div  data-anchor=\"menu\" data-lazy=\"1\" class=\"module_row themify_builder_row tb_has_section tb_section-menu tb_4voz274 tf_w\">\n                        <div class=\"row_inner col_align_top tb_col_count_1 tf_box tf_rel\">\n                        <div  data-lazy=\"1\" class=\"module_column tb-column col-full tb_qbt9292 first\">\n                    <!-- module fancy heading -->\n<div  class=\"module module-fancy-heading tb_y03z293 \" data-lazy=\"1\">\n        <h2 class=\"fancy-heading tf_textc\">\n    <span class=\"main-head tf_block\">\n                    <span class=\"maketable\">\n\t\t\t\t\t\t\t<span class=\"addBorder\"><\/span>\n\t\t\t\t\t\t\t<span class=\"fork-icon\"><\/span>\n\t\t\t\t\t\t\t<span class=\"addBorder\"><\/span>\n\t\t\t\t\t\t\t<\/span>\n\t\t\t\t\t\t\tNasze dania\n\t\t\t\t\t\t\t<span class=\"bottomBorder\"><\/span>            <\/span>\n\n    \n    <span class=\"sub-head tf_block tf_rel\">\n                    Pyszne dania            <\/span>\n    <\/h2>\n<\/div>\n<!-- \/module fancy heading -->\n        <div  data-lazy=\"1\" class=\"module_subrow themify_builder_sub_row tf_w col_align_top tb_col_count_3 tb_dg79293\">\n                <div  data-lazy=\"1\" class=\"module_column sub_column col3-1 tb_yvyn293 first\">\n                    <!-- module image -->\n<div  class=\"module module-image tb_o0h3293 image-overlay   tf_mw\" data-lazy=\"1\">\n        <div class=\"image-wrap tf_rel tf_mw\">\n            <a href=\"http:\/\/www.baruszwagra.pl\/wp-content\/uploads\/2018\/05\/uszwagraDSC_2132.jpg\" class=\"lightbox-builder themify_lightbox\">\n                   <img loading=\"lazy\" decoding=\"async\" src=\"http:\/\/www.baruszwagra.pl\/wp-content\/uploads\/2018\/05\/uszwagraDSC_2132-1024x678.jpg\" width=\"360\" height=\"275\" title=\"Pol\u0119dwiczka w sosie kurkowym\" alt=\"Pol\u0119dwiczka w sosie kurkowym\">        <\/a>\n    \n    \n        <div class=\"image-content\">\n                    <h3 class=\"image-title\">\n                                    <a href=\"http:\/\/www.baruszwagra.pl\/wp-content\/uploads\/2018\/05\/uszwagraDSC_2132.jpg\" class=\"lightbox-builder themify_lightbox\">\n                        Pol\u0119dwiczka w sosie kurkowym                    <\/a>\n                            <\/h3>\n                    <\/div>\n    <!-- \/image-content -->\n                <\/div>\n        <!-- \/image-wrap -->\n    <\/div>\n<!-- \/module image --><!-- module image -->\n<div  class=\"module module-image tb_hjpo294 image-overlay   tf_mw\" data-lazy=\"1\">\n        <div class=\"image-wrap tf_rel tf_mw\">\n            <a href=\"http:\/\/www.baruszwagra.pl\/wp-content\/uploads\/2018\/05\/uszwagraDSC_2117.jpg\" class=\"lightbox-builder themify_lightbox\">\n                   <img loading=\"lazy\" decoding=\"async\" src=\"http:\/\/www.baruszwagra.pl\/wp-content\/uploads\/2018\/05\/uszwagraDSC_2117-1024x678.jpg\" width=\"360\" height=\"275\" title=\"Zupa krem\" alt=\"Zupa krem\">        <\/a>\n    \n    \n        <div class=\"image-content\">\n                    <h3 class=\"image-title\">\n                                    <a href=\"http:\/\/www.baruszwagra.pl\/wp-content\/uploads\/2018\/05\/uszwagraDSC_2117.jpg\" class=\"lightbox-builder themify_lightbox\">\n                        Zupa krem                    <\/a>\n                            <\/h3>\n                    <\/div>\n    <!-- \/image-content -->\n                <\/div>\n        <!-- \/image-wrap -->\n    <\/div>\n<!-- \/module image -->        <\/div>\n                    <div  data-lazy=\"1\" class=\"module_column sub_column col3-1 tb_aszy294\">\n                    <!-- module image -->\n<div  class=\"module module-image tb_wayx294 image-overlay   tf_mw\" data-lazy=\"1\">\n        <div class=\"image-wrap tf_rel tf_mw\">\n            <a href=\"http:\/\/www.baruszwagra.pl\/wp-content\/uploads\/2018\/05\/uszwagraDSC_2095.jpg\" class=\"lightbox-builder themify_lightbox\">\n                   <img loading=\"lazy\" decoding=\"async\" src=\"http:\/\/www.baruszwagra.pl\/wp-content\/uploads\/2018\/05\/uszwagraDSC_2095-1-1024x678.jpg\" width=\"360\" height=\"275\" title=\"Flaczki wo\u0142owe\" alt=\"Flaczki wo\u0142owe\">        <\/a>\n    \n    \n        <div class=\"image-content\">\n                    <h3 class=\"image-title\">\n                                    <a href=\"http:\/\/www.baruszwagra.pl\/wp-content\/uploads\/2018\/05\/uszwagraDSC_2095.jpg\" class=\"lightbox-builder themify_lightbox\">\n                        Flaczki wo\u0142owe                    <\/a>\n                            <\/h3>\n                    <\/div>\n    <!-- \/image-content -->\n                <\/div>\n        <!-- \/image-wrap -->\n    <\/div>\n<!-- \/module image --><!-- module image -->\n<div  class=\"module module-image tb_k78z294 image-overlay   tf_mw\" data-lazy=\"1\">\n        <div class=\"image-wrap tf_rel tf_mw\">\n            <a href=\"http:\/\/www.baruszwagra.pl\/wp-content\/uploads\/2018\/05\/uszwagraDSC_2145.jpg\" class=\"lightbox-builder themify_lightbox\">\n                   <img loading=\"lazy\" decoding=\"async\" src=\"http:\/\/www.baruszwagra.pl\/wp-content\/uploads\/2018\/05\/uszwagraDSC_2145-1024x678.jpg\" width=\"360\" height=\"275\" title=\"Kotlet schabowy po szwajcarsku\" alt=\"Kotlet schabowy po szwajcarsku\">        <\/a>\n    \n    \n        <div class=\"image-content\">\n                    <h3 class=\"image-title\">\n                                    <a href=\"http:\/\/www.baruszwagra.pl\/wp-content\/uploads\/2018\/05\/uszwagraDSC_2145.jpg\" class=\"lightbox-builder themify_lightbox\">\n                        Kotlet schabowy po szwajcarsku                    <\/a>\n                            <\/h3>\n                    <\/div>\n    <!-- \/image-content -->\n                <\/div>\n        <!-- \/image-wrap -->\n    <\/div>\n<!-- \/module image -->        <\/div>\n                    <div  data-lazy=\"1\" class=\"module_column sub_column col3-1 tb_mw0s294 last\">\n                    <!-- module image -->\n<div  class=\"module module-image tb_nmpb295 image-overlay   tf_mw\" data-lazy=\"1\">\n        <div class=\"image-wrap tf_rel tf_mw\">\n            <a href=\"http:\/\/www.baruszwagra.pl\/wp-content\/uploads\/2018\/05\/uszwagraDSC_2112.jpg\" class=\"lightbox-builder themify_lightbox\">\n                   <img loading=\"lazy\" decoding=\"async\" src=\"http:\/\/www.baruszwagra.pl\/wp-content\/uploads\/2018\/05\/uszwagraDSC_2112-1024x678.jpg\" width=\"360\" height=\"275\" title=\"Sa\u0142atka z kurczakiem\" alt=\"Sa\u0142atka z kurczakiem\">        <\/a>\n    \n    \n        <div class=\"image-content\">\n                    <h3 class=\"image-title\">\n                                    <a href=\"http:\/\/www.baruszwagra.pl\/wp-content\/uploads\/2018\/05\/uszwagraDSC_2112.jpg\" class=\"lightbox-builder themify_lightbox\">\n                        Sa\u0142atka z kurczakiem                    <\/a>\n                            <\/h3>\n                    <\/div>\n    <!-- \/image-content -->\n                <\/div>\n        <!-- \/image-wrap -->\n    <\/div>\n<!-- \/module image --><!-- module image -->\n<div  class=\"module module-image tb_o478295 image-overlay   tf_mw\" data-lazy=\"1\">\n        <div class=\"image-wrap tf_rel tf_mw\">\n            <a href=\"http:\/\/www.baruszwagra.pl\/wp-content\/uploads\/2018\/05\/uszwagraDSC_2156.jpg\" class=\"lightbox-builder themify_lightbox\">\n                   <img loading=\"lazy\" decoding=\"async\" src=\"http:\/\/www.baruszwagra.pl\/wp-content\/uploads\/2018\/05\/uszwagraDSC_2156-1024x678.jpg\" width=\"360\" height=\"275\" title=\"Zupa gulaszowa\" alt=\"Zupa gulaszowa\">        <\/a>\n    \n    \n        <div class=\"image-content\">\n                    <h3 class=\"image-title\">\n                                    <a href=\"http:\/\/www.baruszwagra.pl\/wp-content\/uploads\/2018\/05\/uszwagraDSC_2156.jpg\" class=\"lightbox-builder themify_lightbox\">\n                        Zupa gulaszowa                    <\/a>\n                            <\/h3>\n                    <\/div>\n    <!-- \/image-content -->\n                <\/div>\n        <!-- \/image-wrap -->\n    <\/div>\n<!-- \/module image -->        <\/div>\n                    <\/div>\n                <\/div>\n                        <\/div>\n        <\/div>\n                        <div  data-anchor=\"news\" data-lazy=\"1\" class=\"module_row themify_builder_row tb_has_section tb_section-news tb_b7jk274 tf_w\">\n                        <div class=\"row_inner col_align_top tb_col_count_1 tf_box tf_rel\">\n                        <div  data-lazy=\"1\" class=\"module_column tb-column col-full tb_hf9e296 first\">\n                    <!-- module fancy heading -->\n<div  class=\"module module-fancy-heading tb_n45t296 \" data-lazy=\"1\">\n        <h2 class=\"fancy-heading tf_textc\">\n    <span class=\"main-head tf_block\">\n                    <span class=\"maketable\">\n\t\t\t\t\t\t\t<span class=\"addBorder\"><\/span>\n\t\t\t\t\t\t\t<span class=\"fork-icon\"><\/span>\n\t\t\t\t\t\t\t<span class=\"addBorder\"><\/span>\n\t\t\t\t\t\t\t<\/span>\n\t\t\t\t\t\t\tOferty i  Promocje\n\t\t\t\t\t\t\t<span class=\"bottomBorder\"><\/span>            <\/span>\n\n    \n    <span class=\"sub-head tf_block tf_rel\">\n                    Oferta            <\/span>\n    <\/h2>\n<\/div>\n<!-- \/module fancy heading -->\n<!-- module post -->\n<div  class=\"module module-post tb_sy5o296 \">\n    <div  class=\"builder-posts-wrap loops-wrapper grid2 masonry classic tf_rel tf_clear tf_clearfix\" data-lazy=\"1\">\n        <\/div><!-- .builder-posts-wrap -->\n            <\/div>\n<!-- \/module post -->\n            <\/div>\n                        <\/div>\n        <\/div>\n                        <div  data-parallax-bg=\"desktop\" data-anchor=\"reservation\" data-lazy=\"1\" class=\"module_row themify_builder_row tb_has_section tb_section-reservation tb_93vj275 tf_w\">\n            <span class=\"builder_row_cover tf_abs\"><\/span>            <div class=\"row_inner col_align_top tb_col_count_1 tf_box tf_rel\">\n                        <div  data-lazy=\"1\" class=\"module_column tb-column col-full tb_ui8w296 first\">\n                    <!-- module fancy heading -->\n<div  class=\"module module-fancy-heading tb_5825296 \" data-lazy=\"1\">\n        <h1 class=\"fancy-heading tf_textc\">\n    <span class=\"main-head tf_block\">\n                    <span class=\"maketable\">\n\t\t\t\t\t\t\t<span class=\"addBorder\"><\/span>\n\t\t\t\t\t\t\t<span class=\"fork-icon\"><\/span>\n\t\t\t\t\t\t\t<span class=\"addBorder\"><\/span>\n\t\t\t\t\t\t\t<\/span>\n\t\t\t\t\t\t\trezerwacje\n\t\t\t\t\t\t\t<span class=\"bottomBorder\"><\/span>            <\/span>\n\n    \n    <span class=\"sub-head tf_block tf_rel\">\n                    Zarezerwuj lokal            <\/span>\n    <\/h1>\n<\/div>\n<!-- \/module fancy heading -->\n<!-- module text -->\n<div  class=\"module module-text tb_uag6297    wow\" data-tf-animation=\"fadeInDown\" data-lazy=\"1\">\n        <div  class=\"tb_text_wrap\">\n        <h5><em>Zadzwo\u0144 do nas aby otrzyma\u0107 szczeg\u00f3\u0142owe informacje na temat termin\u00f3w oraz cen rezerwacji. <br \/><\/em>Zadzwo\u0144 94 348 78 17<\/h5>    <\/div>\n<\/div>\n<!-- \/module text -->        <\/div>\n                        <\/div>\n        <\/div>\n                        <div  data-css_id=\"er57275\" data-lazy=\"1\" class=\"module_row themify_builder_row fullwidth tb_er57275 tf_w\">\n                        <div class=\"row_inner col_align_top tb_col_count_1 tf_box tf_rel\">\n                        <div  data-lazy=\"1\" class=\"module_column tb-column col-full tb_nvyb298 first\">\n                            <\/div>\n                        <\/div>\n        <\/div>\n        <\/div>\n<!--\/themify_builder_content-->","protected":false},"excerpt":{"rendered":"<p>U SZWAGRAWitamy ul S\u0142upska 101\u00a0 76-100 Warszkowo ul. Sempo\u0142owskiej 2 a 76-100 S\u0142awno TEL: 94 348 78 17 Oferta Kilka s\u0142\u00f3w o nasHistoria Serdecznie zapraszamy do naszych restauracji, gdzie nie tylko mo\u017cna zdrowo i smacznie zje\u015b\u0107, ale r\u00f3wnie\u017c odpocz\u0105\u0107 w mi\u0142ej atmosferze podczas d\u0142ugiej podr\u00f3\u017cy. Naszym klientom gwarantujemy zawsze smaczne i \u015bwie\u017ce potrawy, przyrz\u0105dzone wed\u0142ug [&hellip;]<\/p>\n","protected":false},"author":1,"featured_media":0,"parent":0,"menu_order":0,"comment_status":"closed","ping_status":"closed","template":"","meta":{"footnotes":""},"class_list":["post-2598","page","type-page","status-publish","hentry","has-post-title","has-post-date","has-post-category","has-post-tag","has-post-comment","has-post-author",""],"_links":{"self":[{"href":"https:\/\/www.baruszwagra.pl\/index.php\/wp-json\/wp\/v2\/pages\/2598","targetHints":{"allow":["GET"]}}],"collection":[{"href":"https:\/\/www.baruszwagra.pl\/index.php\/wp-json\/wp\/v2\/pages"}],"about":[{"href":"https:\/\/www.baruszwagra.pl\/index.php\/wp-json\/wp\/v2\/types\/page"}],"author":[{"embeddable":true,"href":"https:\/\/www.baruszwagra.pl\/index.php\/wp-json\/wp\/v2\/users\/1"}],"replies":[{"embeddable":true,"href":"https:\/\/www.baruszwagra.pl\/index.php\/wp-json\/wp\/v2\/comments?post=2598"}],"version-history":[{"count":102,"href":"https:\/\/www.baruszwagra.pl\/index.php\/wp-json\/wp\/v2\/pages\/2598\/revisions"}],"predecessor-version":[{"id":2866,"href":"https:\/\/www.baruszwagra.pl\/index.php\/wp-json\/wp\/v2\/pages\/2598\/revisions\/2866"}],"wp:attachment":[{"href":"https:\/\/www.baruszwagra.pl\/index.php\/wp-json\/wp\/v2\/media?parent=2598"}],"curies":[{"name":"wp","href":"https:\/\/api.w.org\/{rel}","templated":true}]}}